{"id":2708,"date":"2026-05-07T15:37:28","date_gmt":"2026-05-07T12:37:28","guid":{"rendered":"https:\/\/cappadociacup.org\/?page_id=2708"},"modified":"2026-05-07T17:23:49","modified_gmt":"2026-05-07T14:23:49","slug":"international-booking","status":"publish","type":"page","link":"https:\/\/cappadociacup.org\/tr\/international-booking\/","title":{"rendered":"Yurt D\u0131\u015f\u0131ndan Rezervasyon"},"content":{"rendered":"\n<h1 id=\"wp-block-themeisle-blocks-advanced-heading-a580bf85\" class=\"wp-block-themeisle-blocks-advanced-heading wp-block-themeisle-blocks-advanced-heading-a580bf85\"><strong>International Booking<\/strong><\/h1>\n\n\n\n<h2 id=\"wp-block-themeisle-blocks-advanced-heading-14bab605\" class=\"wp-block-themeisle-blocks-advanced-heading wp-block-themeisle-blocks-advanced-heading-14bab605 has-dark-bg\"><strong>\u26a0\ufe0f Important Notice: After <strong>fill out the form<\/strong>, you must <strong>completing your payment<\/strong> , so we can verify your transaction and finalize your Reservation.<\/strong><\/h2>\n\n\n\n<iframe data-tally-src=\"https:\/\/tally.so\/embed\/Ek846o?alignLeft=1&#038;hideTitle=1&#038;transparentBackground=1&#038;dynamicHeight=1\" loading=\"lazy\" width=\"100%\" height=\"1220\" frameborder=\"0\" marginheight=\"0\" marginwidth=\"0\" title=\"International Hotel Booking\"><\/iframe>\n<script>var d=document,w=\"https:\/\/tally.so\/widgets\/embed.js\",v=function(){\"undefined\"!=typeof Tally?Tally.loadEmbeds():d.querySelectorAll(\"iframe[data-tally-src]:not([src])\").forEach((function(e){e.src=e.dataset.tallySrc}))};if(\"undefined\"!=typeof Tally)v();else if(d.querySelector('script[src=\"'+w+'\"]')==null){var s=d.createElement(\"script\");s.src=w,s.onload=v,s.onerror=v,d.body.appendChild(s);}<\/script>\n\n\n\n<hr class=\"wp-block-separator has-alpha-channel-opacity is-style-wide\" style=\"margin-top:var(--wp--preset--spacing--50);margin-bottom:var(--wp--preset--spacing--50)\"\/>\n\n\n\n<div class=\"wp-block-uagb-container uagb-layout-grid uagb-block-b1635992 alignfull uagb-is-root-container\"><div class=\"uagb-container-inner-blocks-wrap\">\n<figure class=\"wp-block-table alignwide is-style-regular\" style=\"padding-right:0;padding-left:0\"><table><thead><tr><th class=\"has-text-align-center\" data-align=\"center\"><strong>Cappadocia MARRIOT Hotel (Event Hotel)<\/strong><\/th><th class=\"has-text-align-center\" data-align=\"center\">BB<br><strong>(Breakfast Incl.)<\/strong><\/th><th class=\"has-text-align-center\" data-align=\"center\">FB <strong>(Breakfast<\/strong><br><strong>+Lunch<\/strong><br><strong>+Dinner Incl.)<\/strong><\/th><\/tr><\/thead><tbody><tr><td class=\"has-text-align-center\" data-align=\"center\">Single (1 adult)<\/td><td class=\"has-text-align-center\" data-align=\"center\">\u20ac 110<\/td><td class=\"has-text-align-center\" data-align=\"center\">\u20ac 135<\/td><\/tr><tr><td class=\"has-text-align-center\" data-align=\"center\">Single + 1 kid(ages 0-6)<\/td><td class=\"has-text-align-center\" data-align=\"center\">\u20ac 110<\/td><td class=\"has-text-align-center\" data-align=\"center\">\u20ac 135<\/td><\/tr><tr><td class=\"has-text-align-center\" data-align=\"center\">Single + 1 kid (ages 7-12)<\/td><td class=\"has-text-align-center\" data-align=\"center\">\u20ac 120<\/td><td class=\"has-text-align-center\" data-align=\"center\">\u20ac 155<\/td><\/tr><tr><td class=\"has-text-align-center\" data-align=\"center\">Single + 2 kids (1 kid ages 0-6 &#8211; 1 kid ages 7-12)<\/td><td class=\"has-text-align-center\" data-align=\"center\">\u20ac 120<\/td><td class=\"has-text-align-center\" data-align=\"center\">\u20ac 155<\/td><\/tr><tr><td class=\"has-text-align-center\" data-align=\"center\">Single + 2 kids (ages 7-12)<\/td><td class=\"has-text-align-center\" data-align=\"center\">\u20ac 135<\/td><td class=\"has-text-align-center\" data-align=\"center\">\u20ac 190<\/td><\/tr><tr><td class=\"has-text-align-center\" data-align=\"center\">Double (2 adults)<\/td><td class=\"has-text-align-center\" data-align=\"center\">\u20ac 135<\/td><td class=\"has-text-align-center\" data-align=\"center\">\u20ac 190<\/td><\/tr><tr><td class=\"has-text-align-center\" data-align=\"center\">Double + 1 kid(ages 0-6)<\/td><td class=\"has-text-align-center\" data-align=\"center\">\u20ac 135<\/td><td class=\"has-text-align-center\" data-align=\"center\">\u20ac 190<\/td><\/tr><tr><td class=\"has-text-align-center\" data-align=\"center\">Double + 1 kid (ages 7-12)<\/td><td class=\"has-text-align-center\" data-align=\"center\">\u20ac 145<\/td><td class=\"has-text-align-center\" data-align=\"center\">\u20ac 215<\/td><\/tr><tr><td class=\"has-text-align-center\" data-align=\"center\">Double + 2 kids (1 kid ages 0-6 &#8211; 1 kid ages 7-12)<\/td><td class=\"has-text-align-center\" data-align=\"center\">\u20ac 145<\/td><td class=\"has-text-align-center\" data-align=\"center\">\u20ac 215<\/td><\/tr><tr><td class=\"has-text-align-center\" data-align=\"center\">Double + 2 kids (ages 7-12)<\/td><td class=\"has-text-align-center\" data-align=\"center\">\u20ac 170<\/td><td class=\"has-text-align-center\" data-align=\"center\">\u20ac 260<\/td><\/tr><tr><td class=\"has-text-align-center\" data-align=\"center\">Triple (3 Adults)<\/td><td class=\"has-text-align-center\" data-align=\"center\">\u20ac 170<\/td><td class=\"has-text-align-center\" data-align=\"center\">\u20ac 260<\/td><\/tr><tr><td class=\"has-text-align-center\" data-align=\"center\">Triple + 1 kid (ages 7-12)<\/td><td class=\"has-text-align-center\" data-align=\"center\">\u20ac 180<\/td><td class=\"has-text-align-center\" data-align=\"center\">\u20ac 285<\/td><\/tr><\/tbody><\/table><\/figure>\n\n\n\n<div style=\"height:46px\" aria-hidden=\"true\" class=\"wp-block-spacer\"><\/div>\n<\/div><\/div>\n\n\n\n<div class=\"wp-block-uagb-container uagb-layout-flex uagb-block-8071ba4a default uagb-is-root-container\">\n<h2 id=\"wp-block-themeisle-blocks-advanced-heading-54deabf8\" class=\"wp-block-themeisle-blocks-advanced-heading wp-block-themeisle-blocks-advanced-heading-54deabf8\"><strong>International Bank Transfer (SWIFT)<\/strong><\/h2>\n\n\n\n<p id=\"wp-block-themeisle-blocks-advanced-heading-4fb443af\" class=\"wp-block-themeisle-blocks-advanced-heading wp-block-themeisle-blocks-advanced-heading-4fb443af\"><em>Please complete your transfer using the bank details below. The prices listed above are per night; please calculate and pay the total amount based on the number of nights you will stay. <\/em><br><em>Once the payment is made, you must fill out the <strong>&#8220;Hotel Booking Form&#8221;<\/strong> .<\/em><\/p>\n\n\n\n<div class=\"wp-block-uagb-info-box uagb-block-e43a28d1 uagb-infobox__content-wrap  uagb-infobox-icon-above-title uagb-infobox-image-valign-top wp-block-uagb-info-box--has-margin\"><div class=\"uagb-infobox-margin-wrapper\"><div class=\"uagb-ifb-content\"><div class=\"uagb-ifb-title-wrap\"><\/div><p class=\"uagb-ifb-desc\">Ziraat Bankas\u0131<br>G\u00fcvenevler \u015eubesi<br><strong>SWIFT\/BIC Kod:<\/strong> TCZBTR2A<br><strong>IBAN:<\/strong> TR720001000830978647235003<br><strong>ACCOUNT NAME:<\/strong> ERCUMENT AYDIN ORTAKLIK<br><strong>Adress:<\/strong> Tunus cad. ANKARA<\/p><\/div><\/div><\/div>\n<\/div>\n","protected":false},"excerpt":{"rendered":"<p>Cappadocia MARRIOT Hotel (Event Hotel) BB(Breakfast Incl.) FB (Breakfast+Lunch+Dinner Incl.) Single (1 adult) \u20ac 110 \u20ac 135 Single + 1 kid(ages 0-6) \u20ac 110 \u20ac 135 Single + 1 kid (ages 7-12) \u20ac 120 \u20ac 155 Single + 2 kids (1 kid ages 0-6 &#8211; 1 kid ages 7-12) \u20ac 120 \u20ac 155 Single + [&hellip;]<\/p>\n","protected":false},"author":1,"featured_media":0,"parent":0,"menu_order":0,"comment_status":"closed","ping_status":"closed","template":"","meta":{"_uag_custom_page_level_css":"","site-sidebar-layout":"default","site-content-layout":"","ast-site-content-layout":"default","site-content-style":"default","site-sidebar-style":"default","ast-global-header-display":"","ast-banner-title-visibility":"","ast-main-header-display":"","ast-hfb-above-header-display":"","ast-hfb-below-header-display":"","ast-hfb-mobile-header-display":"","site-post-title":"disabled","ast-breadcrumbs-content":"","ast-featured-img":"","footer-sml-layout":"","ast-disable-related-posts":"","theme-transparent-header-meta":"","adv-header-id-meta":"","stick-header-meta":"","header-above-stick-meta":"","header-main-stick-meta":"","header-below-stick-meta":"","astra-migrate-meta-layouts":"set","ast-page-background-enabled":"default","ast-page-background-meta":{"desktop":{"background-color":"","background-image":"","background-repeat":"repeat","background-position":"center center","background-size":"auto","background-attachment":"scroll","background-type":"","background-media":"","overlay-type":"","overlay-color":"","overlay-opacity":"","overlay-gradient":""},"tablet":{"background-color":"","background-image":"","background-repeat":"repeat","background-position":"center center","background-size":"auto","background-attachment":"scroll","background-type":"","background-media":"","overlay-type":"","overlay-color":"","overlay-opacity":"","overlay-gradient":""},"mobile":{"background-color":"","background-image":"","background-repeat":"repeat","background-position":"center center","background-size":"auto","background-attachment":"scroll","background-type":"","background-media":"","overlay-type":"","overlay-color":"","overlay-opacity":"","overlay-gradient":""}},"ast-content-background-meta":{"desktop":{"background-color":"var(--ast-global-color-5)","background-image":"","background-repeat":"repeat","background-position":"center center","background-size":"auto","background-attachment":"scroll","background-type":"","background-media":"","overlay-type":"","overlay-color":"","overlay-opacity":"","overlay-gradient":""},"tablet":{"background-color":"var(--ast-global-color-5)","background-image":"","background-repeat":"repeat","background-position":"center center","background-size":"auto","background-attachment":"scroll","background-type":"","background-media":"","overlay-type":"","overlay-color":"","overlay-opacity":"","overlay-gradient":""},"mobile":{"background-color":"var(--ast-global-color-5)","background-image":"","background-repeat":"repeat","background-position":"center center","background-size":"auto","background-attachment":"scroll","background-type":"","background-media":"","overlay-type":"","overlay-color":"","overlay-opacity":"","overlay-gradient":""}},"_themeisle_gutenberg_block_has_review":false,"footnotes":""},"class_list":["post-2708","page","type-page","status-publish","hentry"],"yoast_head":"<!-- This site is optimized with the Yoast SEO plugin v27.6 - https:\/\/yoast.com\/product\/yoast-seo-wordpress\/ -->\n<title>International Booking - Cappadocia Open<\/title>\n<meta name=\"robots\" content=\"index, follow, max-snippet:-1, max-image-preview:large, max-video-preview:-1\" \/>\n<link rel=\"canonical\" href=\"https:\/\/cappadociacup.org\/tr\/international-booking\/\" \/>\n<meta property=\"og:locale\" content=\"tr_TR\" \/>\n<meta property=\"og:type\" content=\"article\" \/>\n<meta property=\"og:title\" content=\"International Booking - Cappadocia Open\" \/>\n<meta property=\"og:description\" content=\"Cappadocia MARRIOT Hotel (Event Hotel) BB(Breakfast Incl.) FB (Breakfast+Lunch+Dinner Incl.) Single (1 adult) \u20ac 110 \u20ac 135 Single + 1 kid(ages 0-6) \u20ac 110 \u20ac 135 Single + 1 kid (ages 7-12) \u20ac 120 \u20ac 155 Single + 2 kids (1 kid ages 0-6 &#8211; 1 kid ages 7-12) \u20ac 120 \u20ac 155 Single + [&hellip;]\" \/>\n<meta property=\"og:url\" content=\"https:\/\/cappadociacup.org\/tr\/international-booking\/\" \/>\n<meta property=\"og:site_name\" content=\"Cappadocia Open\" \/>\n<meta property=\"article:modified_time\" content=\"2026-05-07T14:23:49+00:00\" \/>\n<meta name=\"twitter:card\" content=\"summary_large_image\" \/>\n<meta name=\"twitter:label1\" content=\"Tahmini okuma s\u00fcresi\" \/>\n\t<meta name=\"twitter:data1\" content=\"1 dakika\" \/>\n<script type=\"application\/ld+json\" class=\"yoast-schema-graph\">{\"@context\":\"https:\\\/\\\/schema.org\",\"@graph\":[{\"@type\":\"WebPage\",\"@id\":\"https:\\\/\\\/cappadociacup.org\\\/international-booking\\\/\",\"url\":\"https:\\\/\\\/cappadociacup.org\\\/international-booking\\\/\",\"name\":\"International Booking - Cappadocia Open\",\"isPartOf\":{\"@id\":\"https:\\\/\\\/cappadociacup.org\\\/#website\"},\"datePublished\":\"2026-05-07T12:37:28+00:00\",\"dateModified\":\"2026-05-07T14:23:49+00:00\",\"breadcrumb\":{\"@id\":\"https:\\\/\\\/cappadociacup.org\\\/international-booking\\\/#breadcrumb\"},\"inLanguage\":\"tr\",\"potentialAction\":[{\"@type\":\"ReadAction\",\"target\":[\"https:\\\/\\\/cappadociacup.org\\\/international-booking\\\/\"]}]},{\"@type\":\"BreadcrumbList\",\"@id\":\"https:\\\/\\\/cappadociacup.org\\\/international-booking\\\/#breadcrumb\",\"itemListElement\":[{\"@type\":\"ListItem\",\"position\":1,\"name\":\"Home\",\"item\":\"https:\\\/\\\/cappadociacup.org\\\/\"},{\"@type\":\"ListItem\",\"position\":2,\"name\":\"International Booking\"}]},{\"@type\":\"WebSite\",\"@id\":\"https:\\\/\\\/cappadociacup.org\\\/#website\",\"url\":\"https:\\\/\\\/cappadociacup.org\\\/\",\"name\":\"Cappadocia Open\",\"description\":\"Cappadocia Dance Sport Competition\",\"publisher\":{\"@id\":\"https:\\\/\\\/cappadociacup.org\\\/#organization\"},\"potentialAction\":[{\"@type\":\"SearchAction\",\"target\":{\"@type\":\"EntryPoint\",\"urlTemplate\":\"https:\\\/\\\/cappadociacup.org\\\/?s={search_term_string}\"},\"query-input\":{\"@type\":\"PropertyValueSpecification\",\"valueRequired\":true,\"valueName\":\"search_term_string\"}}],\"inLanguage\":\"tr\"},{\"@type\":\"Organization\",\"@id\":\"https:\\\/\\\/cappadociacup.org\\\/#organization\",\"name\":\"WDSF Cappadocia Open Dance Sport Competitions\",\"alternateName\":\"Cappadocia Open\",\"url\":\"https:\\\/\\\/cappadociacup.org\\\/\",\"logo\":{\"@type\":\"ImageObject\",\"inLanguage\":\"tr\",\"@id\":\"https:\\\/\\\/cappadociacup.org\\\/#\\\/schema\\\/logo\\\/image\\\/\",\"url\":\"https:\\\/\\\/cappadociacup.org\\\/wp-content\\\/uploads\\\/2026\\\/04\\\/Cappadocia-cup-Logo.png\",\"contentUrl\":\"https:\\\/\\\/cappadociacup.org\\\/wp-content\\\/uploads\\\/2026\\\/04\\\/Cappadocia-cup-Logo.png\",\"width\":816,\"height\":816,\"caption\":\"WDSF Cappadocia Open Dance Sport Competitions\"},\"image\":{\"@id\":\"https:\\\/\\\/cappadociacup.org\\\/#\\\/schema\\\/logo\\\/image\\\/\"},\"sameAs\":[\"https:\\\/\\\/www.instagram.com\\\/cappadociadancecup\\\/\"]}]}<\/script>\n<!-- \/ Yoast SEO plugin. -->","yoast_head_json":{"title":"International Booking - Cappadocia Open","robots":{"index":"index","follow":"follow","max-snippet":"max-snippet:-1","max-image-preview":"max-image-preview:large","max-video-preview":"max-video-preview:-1"},"canonical":"https:\/\/cappadociacup.org\/tr\/international-booking\/","og_locale":"tr_TR","og_type":"article","og_title":"International Booking - Cappadocia Open","og_description":"Cappadocia MARRIOT Hotel (Event Hotel) BB(Breakfast Incl.) FB (Breakfast+Lunch+Dinner Incl.) Single (1 adult) \u20ac 110 \u20ac 135 Single + 1 kid(ages 0-6) \u20ac 110 \u20ac 135 Single + 1 kid (ages 7-12) \u20ac 120 \u20ac 155 Single + 2 kids (1 kid ages 0-6 &#8211; 1 kid ages 7-12) \u20ac 120 \u20ac 155 Single + [&hellip;]","og_url":"https:\/\/cappadociacup.org\/tr\/international-booking\/","og_site_name":"Cappadocia Open","article_modified_time":"2026-05-07T14:23:49+00:00","twitter_card":"summary_large_image","twitter_misc":{"Tahmini okuma s\u00fcresi":"1 dakika"},"schema":{"@context":"https:\/\/schema.org","@graph":[{"@type":"WebPage","@id":"https:\/\/cappadociacup.org\/international-booking\/","url":"https:\/\/cappadociacup.org\/international-booking\/","name":"International Booking - Cappadocia Open","isPartOf":{"@id":"https:\/\/cappadociacup.org\/#website"},"datePublished":"2026-05-07T12:37:28+00:00","dateModified":"2026-05-07T14:23:49+00:00","breadcrumb":{"@id":"https:\/\/cappadociacup.org\/international-booking\/#breadcrumb"},"inLanguage":"tr","potentialAction":[{"@type":"ReadAction","target":["https:\/\/cappadociacup.org\/international-booking\/"]}]},{"@type":"BreadcrumbList","@id":"https:\/\/cappadociacup.org\/international-booking\/#breadcrumb","itemListElement":[{"@type":"ListItem","position":1,"name":"Home","item":"https:\/\/cappadociacup.org\/"},{"@type":"ListItem","position":2,"name":"International Booking"}]},{"@type":"WebSite","@id":"https:\/\/cappadociacup.org\/#website","url":"https:\/\/cappadociacup.org\/","name":"Cappadocia Open","description":"Cappadocia Dance Sport Competition","publisher":{"@id":"https:\/\/cappadociacup.org\/#organization"},"potentialAction":[{"@type":"SearchAction","target":{"@type":"EntryPoint","urlTemplate":"https:\/\/cappadociacup.org\/?s={search_term_string}"},"query-input":{"@type":"PropertyValueSpecification","valueRequired":true,"valueName":"search_term_string"}}],"inLanguage":"tr"},{"@type":"Organization","@id":"https:\/\/cappadociacup.org\/#organization","name":"WDSF Cappadocia Open Dance Sport Competitions","alternateName":"Cappadocia Open","url":"https:\/\/cappadociacup.org\/","logo":{"@type":"ImageObject","inLanguage":"tr","@id":"https:\/\/cappadociacup.org\/#\/schema\/logo\/image\/","url":"https:\/\/cappadociacup.org\/wp-content\/uploads\/2026\/04\/Cappadocia-cup-Logo.png","contentUrl":"https:\/\/cappadociacup.org\/wp-content\/uploads\/2026\/04\/Cappadocia-cup-Logo.png","width":816,"height":816,"caption":"WDSF Cappadocia Open Dance Sport Competitions"},"image":{"@id":"https:\/\/cappadociacup.org\/#\/schema\/logo\/image\/"},"sameAs":["https:\/\/www.instagram.com\/cappadociadancecup\/"]}]}},"uagb_featured_image_src":{"full":false,"thumbnail":false,"medium":false,"medium_large":false,"large":false,"1536x1536":false,"2048x2048":false,"trp-custom-language-flag":false,"woocommerce_thumbnail":false,"woocommerce_single":false,"woocommerce_gallery_thumbnail":false,"web-stories-poster-portrait":false,"web-stories-publisher-logo":false,"web-stories-thumbnail":false},"uagb_author_info":{"display_name":"admin","author_link":"https:\/\/cappadociacup.org\/tr\/author\/admin\/"},"uagb_comment_info":0,"uagb_excerpt":"Cappadocia MARRIOT Hotel (Event Hotel) BB(Breakfast Incl.) FB (Breakfast+Lunch+Dinner Incl.) Single (1 adult) \u20ac 110 \u20ac 135 Single + 1 kid(ages 0-6) \u20ac 110 \u20ac 135 Single + 1 kid (ages 7-12) \u20ac 120 \u20ac 155 Single + 2 kids (1 kid ages 0-6 &#8211; 1 kid ages 7-12) \u20ac 120 \u20ac 155 Single +&hellip;","_links":{"self":[{"href":"https:\/\/cappadociacup.org\/tr\/wp-json\/wp\/v2\/pages\/2708","targetHints":{"allow":["GET"]}}],"collection":[{"href":"https:\/\/cappadociacup.org\/tr\/wp-json\/wp\/v2\/pages"}],"about":[{"href":"https:\/\/cappadociacup.org\/tr\/wp-json\/wp\/v2\/types\/page"}],"author":[{"embeddable":true,"href":"https:\/\/cappadociacup.org\/tr\/wp-json\/wp\/v2\/users\/1"}],"replies":[{"embeddable":true,"href":"https:\/\/cappadociacup.org\/tr\/wp-json\/wp\/v2\/comments?post=2708"}],"version-history":[{"count":29,"href":"https:\/\/cappadociacup.org\/tr\/wp-json\/wp\/v2\/pages\/2708\/revisions"}],"predecessor-version":[{"id":2749,"href":"https:\/\/cappadociacup.org\/tr\/wp-json\/wp\/v2\/pages\/2708\/revisions\/2749"}],"wp:attachment":[{"href":"https:\/\/cappadociacup.org\/tr\/wp-json\/wp\/v2\/media?parent=2708"}],"curies":[{"name":"wp","href":"https:\/\/api.w.org\/{rel}","templated":true}]}}