{"id":2051,"date":"2026-04-13T15:49:18","date_gmt":"2026-04-13T12:49:18","guid":{"rendered":"https:\/\/cappadociacup.org\/?post_type=product&#038;p=2051"},"modified":"2026-05-11T17:19:55","modified_gmt":"2026-05-11T14:19:55","slug":"cappadocia-marriott-hotel","status":"publish","type":"product","link":"https:\/\/cappadociacup.org\/tr\/hotel-bookings\/cappadocia-marriott-hotel\/","title":{"rendered":"Cappadocia Marriott Hotel"},"content":{"rendered":"<p class=\"translation-block\"><strong>*<\/strong>Rezervasyonunuzu tamamlad\u0131ktan sonra rezervasyon formunu doldurman\u0131z <strong>zorunludur<\/strong>. \u00d6demeniz ba\u015far\u0131yla ger\u00e7ekle\u015ftikten sonra <strong>form ba\u011flant\u0131s\u0131 e-posta adresinize g\u00f6nderilecektir<\/strong>. Bu formda giri\u015f\/\u00e7\u0131k\u0131\u015f tarihlerinizi ve odada konaklayacak t\u00fcm misafirlerin tam isimlerini\/bilgilerini belirtmeniz gerekmektedir.<br>\nL\u00fctfen baz\u0131 durumlarda bu e-postalar\u0131n <strong>spam veya gereksiz<\/strong> klas\u00f6r\u00fcne d\u00fc\u015febilece\u011fini unutmay\u0131n, bu nedenle bu klas\u00f6rleri de kontrol etti\u011finizden emin olun.<\/p>\n<p><strong>**<\/strong>\u00c7ocuk \u00fccretleri, konu\u011fun giri\u015f tarihindeki (19 Haziran 2026) ya\u015f\u0131na g\u00f6re belirlenir:<\/p>\n<p class=\"translation-block\"><strong>0\u20136 ya\u015f:<\/strong> 19 Haziran 2020 veya sonras\u0131nda do\u011fanlar<br>\n<strong>7\u201312 ya\u015f:<\/strong> 19 Haziran 2014 ile 18 Haziran 2020 tarihleri aras\u0131nda do\u011fanlar (bu tarihler dahil)<br>\n<strong>Yeti\u015fkinler:<\/strong> 18 Haziran 2014 veya \u00f6ncesinde do\u011fanlar<br>\n<em>19 Haziran'dan sonra giri\u015f yapan konuklar i\u00e7in (\u00f6rne\u011fin 20 Haziran), ya\u015f hesaplamas\u0131 ger\u00e7ek giri\u015f tarihlerine g\u00f6re yap\u0131lacakt\u0131r.<\/em><\/p>\n<p>L\u00fctfen rezervasyon s\u0131ras\u0131nda do\u011fum tarihlerini do\u011fru bir \u015fekilde belirtiniz.<\/p>\n<p><em>***\u0130ki Ki\u015filik + 2 \u00c7ocuk (Double +2 kids) ve \u00dc\u00e7 Ki\u015filik + 1 \u00c7ocuk (Triple +1 kid) odalarda, bir \u00e7ocu\u011fun ebeveynleri ile ayn\u0131 yata\u011f\u0131 payla\u015fmas\u0131 gerekmektedir.<\/em><\/p>","protected":false},"excerpt":{"rendered":"<p class=\"translation-block\">\u00d6demeden sonra, giri\u015f\/\u00e7\u0131k\u0131\u015f tarihlerinizi ve misafir ayr\u0131nt\u0131lar\u0131n\u0131 belirtmek i\u00e7in <strong>MUTLAKA<\/strong> rezervasyon formunu doldurmal\u0131s\u0131n\u0131z. Form g\u00f6nderilene kadar kayd\u0131n\u0131z onaylanmaz.<br>\n\u00c7ocuk \u00fccretleri giri\u015f tarihindeki ya\u015fa g\u00f6re hesaplan\u0131r; ayr\u0131nt\u0131lar a\u015fa\u011f\u0131da verilmi\u015ftir. **<\/p>\n<div style=\"background-color: #fff3cd; color: #856404; border: 2px solid #ffeeba; padding: 15px; border-radius: 5px; font-weight: bold;\" class=\"translation-block\"><strong>\u00d6NEML\u0130:<\/strong> Rezervasyonunuzu tamamlad\u0131ktan sonra, <strong>e-posta adresinize g\u00f6nderilen rezervasyon formunu doldurmal\u0131s\u0131n\u0131z<\/strong>. L\u00fctfen spam (gereksiz) kutunuzu da kontrol edin. *<\/div>","protected":false},"featured_media":2127,"template":"","meta":{"_uag_custom_page_level_css":"","site-sidebar-layout":"default","site-content-layout":"","ast-site-content-layout":"default","site-content-style":"default","site-sidebar-style":"default","ast-global-header-display":"","ast-banner-title-visibility":"","ast-main-header-display":"","ast-hfb-above-header-display":"","ast-hfb-below-header-display":"","ast-hfb-mobile-header-display":"","site-post-title":"","ast-breadcrumbs-content":"","ast-featured-img":"","footer-sml-layout":"","ast-disable-related-posts":"","theme-transparent-header-meta":"default","adv-header-id-meta":"","stick-header-meta":"","header-above-stick-meta":"","header-main-stick-meta":"","header-below-stick-meta":"","astra-migrate-meta-layouts":"set","ast-page-background-enabled":"default","ast-page-background-meta":{"desktop":{"background-color":"","background-image":"","background-repeat":"repeat","background-position":"center center","background-size":"auto","background-attachment":"scroll","background-type":"","background-media":"","overlay-type":"","overlay-color":"","overlay-opacity":"","overlay-gradient":""},"tablet":{"background-color":"","background-image":"","background-repeat":"repeat","background-position":"center center","background-size":"auto","background-attachment":"scroll","background-type":"","background-media":"","overlay-type":"","overlay-color":"","overlay-opacity":"","overlay-gradient":""},"mobile":{"background-color":"","background-image":"","background-repeat":"repeat","background-position":"center center","background-size":"auto","background-attachment":"scroll","background-type":"","background-media":"","overlay-type":"","overlay-color":"","overlay-opacity":"","overlay-gradient":""}},"ast-content-background-meta":{"desktop":{"background-color":"var(--ast-global-color-5)","background-image":"","background-repeat":"repeat","background-position":"center center","background-size":"auto","background-attachment":"scroll","background-type":"","background-media":"","overlay-type":"","overlay-color":"","overlay-opacity":"","overlay-gradient":""},"tablet":{"background-color":"var(--ast-global-color-5)","background-image":"","background-repeat":"repeat","background-position":"center center","background-size":"auto","background-attachment":"scroll","background-type":"","background-media":"","overlay-type":"","overlay-color":"","overlay-opacity":"","overlay-gradient":""},"mobile":{"background-color":"var(--ast-global-color-5)","background-image":"","background-repeat":"repeat","background-position":"center center","background-size":"auto","background-attachment":"scroll","background-type":"","background-media":"","overlay-type":"","overlay-color":"","overlay-opacity":"","overlay-gradient":""}},"_themeisle_gutenberg_block_has_review":false},"product_brand":[],"product_cat":[30],"product_tag":[],"class_list":{"0":"post-2051","1":"product","2":"type-product","3":"status-publish","4":"has-post-thumbnail","6":"product_cat-hotel","7":"desktop-align-left","8":"tablet-align-left","9":"mobile-align-left","11":"first","12":"instock","13":"shipping-taxable","14":"purchasable","15":"product-type-variable"},"yoast_head":"<!-- This site is optimized with the Yoast SEO plugin v27.6 - https:\/\/yoast.com\/product\/yoast-seo-wordpress\/ -->\n<title>Cappadocia Marriott Hotel - Cappadocia Open<\/title>\n<meta name=\"robots\" content=\"index, follow, max-snippet:-1, max-image-preview:large, max-video-preview:-1\" \/>\n<link rel=\"canonical\" href=\"https:\/\/cappadociacup.org\/tr\/hotel-bookings\/cappadocia-marriott-hotel\/\" \/>\n<meta property=\"og:locale\" content=\"tr_TR\" \/>\n<meta property=\"og:type\" content=\"article\" \/>\n<meta property=\"og:title\" content=\"Cappadocia Marriott Hotel - Cappadocia Open\" \/>\n<meta property=\"og:description\" content=\"After payment, you MUST fill out the booking form to provide your check-in\/out dates and guest details. Your registration is not confirmed until the form is submitted. Child rates are calculated based on age at check-in; details are provided below. **   IMPORTANT:After completing your reservation, you must fill out the reservation form sent to your email. Please also check your spam folder. *\" \/>\n<meta property=\"og:url\" content=\"https:\/\/cappadociacup.org\/tr\/hotel-bookings\/cappadocia-marriott-hotel\/\" \/>\n<meta property=\"og:site_name\" content=\"Cappadocia Open\" \/>\n<meta property=\"article:modified_time\" content=\"2026-05-11T14:19:55+00:00\" \/>\n<meta property=\"og:image\" content=\"https:\/\/cappadociacup.org\/wp-content\/uploads\/2026\/04\/Marriott-Cappadocia.jpg\" \/>\n\t<meta property=\"og:image:width\" content=\"478\" \/>\n\t<meta property=\"og:image:height\" content=\"269\" \/>\n\t<meta property=\"og:image:type\" content=\"image\/jpeg\" \/>\n<meta name=\"twitter:card\" content=\"summary_large_image\" \/>\n<meta name=\"twitter:label1\" content=\"Tahmini okuma s\u00fcresi\" \/>\n\t<meta name=\"twitter:data1\" content=\"1 dakika\" \/>\n<script type=\"application\/ld+json\" class=\"yoast-schema-graph\">{\"@context\":\"https:\\\/\\\/schema.org\",\"@graph\":[{\"@type\":[\"WebPage\",\"ItemPage\"],\"@id\":\"https:\\\/\\\/cappadociacup.org\\\/hotel-bookings\\\/cappadocia-marriott-hotel\\\/\",\"url\":\"https:\\\/\\\/cappadociacup.org\\\/hotel-bookings\\\/cappadocia-marriott-hotel\\\/\",\"name\":\"Cappadocia Marriott Hotel - Cappadocia Open\",\"isPartOf\":{\"@id\":\"https:\\\/\\\/cappadociacup.org\\\/#website\"},\"primaryImageOfPage\":{\"@id\":\"https:\\\/\\\/cappadociacup.org\\\/hotel-bookings\\\/cappadocia-marriott-hotel\\\/#primaryimage\"},\"image\":{\"@id\":\"https:\\\/\\\/cappadociacup.org\\\/hotel-bookings\\\/cappadocia-marriott-hotel\\\/#primaryimage\"},\"thumbnailUrl\":\"https:\\\/\\\/cappadociacup.org\\\/wp-content\\\/uploads\\\/2026\\\/04\\\/Marriott-Cappadocia.jpg\",\"datePublished\":\"2026-04-13T12:49:18+00:00\",\"dateModified\":\"2026-05-11T14:19:55+00:00\",\"breadcrumb\":{\"@id\":\"https:\\\/\\\/cappadociacup.org\\\/hotel-bookings\\\/cappadocia-marriott-hotel\\\/#breadcrumb\"},\"inLanguage\":\"tr\",\"potentialAction\":[{\"@type\":\"ReadAction\",\"target\":[\"https:\\\/\\\/cappadociacup.org\\\/hotel-bookings\\\/cappadocia-marriott-hotel\\\/\"]}]},{\"@type\":\"ImageObject\",\"inLanguage\":\"tr\",\"@id\":\"https:\\\/\\\/cappadociacup.org\\\/hotel-bookings\\\/cappadocia-marriott-hotel\\\/#primaryimage\",\"url\":\"https:\\\/\\\/cappadociacup.org\\\/wp-content\\\/uploads\\\/2026\\\/04\\\/Marriott-Cappadocia.jpg\",\"contentUrl\":\"https:\\\/\\\/cappadociacup.org\\\/wp-content\\\/uploads\\\/2026\\\/04\\\/Marriott-Cappadocia.jpg\",\"width\":478,\"height\":269,\"caption\":\"Marriott Cappadocia\"},{\"@type\":\"BreadcrumbList\",\"@id\":\"https:\\\/\\\/cappadociacup.org\\\/hotel-bookings\\\/cappadocia-marriott-hotel\\\/#breadcrumb\",\"itemListElement\":[{\"@type\":\"ListItem\",\"position\":1,\"name\":\"Home\",\"item\":\"https:\\\/\\\/cappadociacup.org\\\/\"},{\"@type\":\"ListItem\",\"position\":2,\"name\":\"Hotel Bookings\",\"item\":\"https:\\\/\\\/cappadociacup.org\\\/hotel-bookings\\\/\"},{\"@type\":\"ListItem\",\"position\":3,\"name\":\"Cappadocia Marriott Hotel\"}]},{\"@type\":\"WebSite\",\"@id\":\"https:\\\/\\\/cappadociacup.org\\\/#website\",\"url\":\"https:\\\/\\\/cappadociacup.org\\\/\",\"name\":\"Cappadocia Open\",\"description\":\"Cappadocia Dance Sport Competition\",\"publisher\":{\"@id\":\"https:\\\/\\\/cappadociacup.org\\\/#organization\"},\"potentialAction\":[{\"@type\":\"SearchAction\",\"target\":{\"@type\":\"EntryPoint\",\"urlTemplate\":\"https:\\\/\\\/cappadociacup.org\\\/?s={search_term_string}\"},\"query-input\":{\"@type\":\"PropertyValueSpecification\",\"valueRequired\":true,\"valueName\":\"search_term_string\"}}],\"inLanguage\":\"tr\"},{\"@type\":\"Organization\",\"@id\":\"https:\\\/\\\/cappadociacup.org\\\/#organization\",\"name\":\"WDSF Cappadocia Open Dance Sport Competitions\",\"alternateName\":\"Cappadocia Open\",\"url\":\"https:\\\/\\\/cappadociacup.org\\\/\",\"logo\":{\"@type\":\"ImageObject\",\"inLanguage\":\"tr\",\"@id\":\"https:\\\/\\\/cappadociacup.org\\\/#\\\/schema\\\/logo\\\/image\\\/\",\"url\":\"https:\\\/\\\/cappadociacup.org\\\/wp-content\\\/uploads\\\/2026\\\/04\\\/Cappadocia-cup-Logo.png\",\"contentUrl\":\"https:\\\/\\\/cappadociacup.org\\\/wp-content\\\/uploads\\\/2026\\\/04\\\/Cappadocia-cup-Logo.png\",\"width\":816,\"height\":816,\"caption\":\"WDSF Cappadocia Open Dance Sport Competitions\"},\"image\":{\"@id\":\"https:\\\/\\\/cappadociacup.org\\\/#\\\/schema\\\/logo\\\/image\\\/\"},\"sameAs\":[\"https:\\\/\\\/www.instagram.com\\\/cappadociadancecup\\\/\"]}]}<\/script>\n<!-- \/ Yoast SEO plugin. -->","yoast_head_json":{"title":"Cappadocia Marriott Hotel - Cappadocia Open","robots":{"index":"index","follow":"follow","max-snippet":"max-snippet:-1","max-image-preview":"max-image-preview:large","max-video-preview":"max-video-preview:-1"},"canonical":"https:\/\/cappadociacup.org\/tr\/hotel-bookings\/cappadocia-marriott-hotel\/","og_locale":"tr_TR","og_type":"article","og_title":"Cappadocia Marriott Hotel - Cappadocia Open","og_description":"After payment, you MUST fill out the booking form to provide your check-in\/out dates and guest details. Your registration is not confirmed until the form is submitted. Child rates are calculated based on age at check-in; details are provided below. **   IMPORTANT:After completing your reservation, you must fill out the reservation form sent to your email. Please also check your spam folder. *","og_url":"https:\/\/cappadociacup.org\/tr\/hotel-bookings\/cappadocia-marriott-hotel\/","og_site_name":"Cappadocia Open","article_modified_time":"2026-05-11T14:19:55+00:00","og_image":[{"width":478,"height":269,"url":"https:\/\/cappadociacup.org\/wp-content\/uploads\/2026\/04\/Marriott-Cappadocia.jpg","type":"image\/jpeg"}],"twitter_card":"summary_large_image","twitter_misc":{"Tahmini okuma s\u00fcresi":"1 dakika"},"schema":{"@context":"https:\/\/schema.org","@graph":[{"@type":["WebPage","ItemPage"],"@id":"https:\/\/cappadociacup.org\/hotel-bookings\/cappadocia-marriott-hotel\/","url":"https:\/\/cappadociacup.org\/hotel-bookings\/cappadocia-marriott-hotel\/","name":"Cappadocia Marriott Hotel - Cappadocia Open","isPartOf":{"@id":"https:\/\/cappadociacup.org\/#website"},"primaryImageOfPage":{"@id":"https:\/\/cappadociacup.org\/hotel-bookings\/cappadocia-marriott-hotel\/#primaryimage"},"image":{"@id":"https:\/\/cappadociacup.org\/hotel-bookings\/cappadocia-marriott-hotel\/#primaryimage"},"thumbnailUrl":"https:\/\/cappadociacup.org\/wp-content\/uploads\/2026\/04\/Marriott-Cappadocia.jpg","datePublished":"2026-04-13T12:49:18+00:00","dateModified":"2026-05-11T14:19:55+00:00","breadcrumb":{"@id":"https:\/\/cappadociacup.org\/hotel-bookings\/cappadocia-marriott-hotel\/#breadcrumb"},"inLanguage":"tr","potentialAction":[{"@type":"ReadAction","target":["https:\/\/cappadociacup.org\/hotel-bookings\/cappadocia-marriott-hotel\/"]}]},{"@type":"ImageObject","inLanguage":"tr","@id":"https:\/\/cappadociacup.org\/hotel-bookings\/cappadocia-marriott-hotel\/#primaryimage","url":"https:\/\/cappadociacup.org\/wp-content\/uploads\/2026\/04\/Marriott-Cappadocia.jpg","contentUrl":"https:\/\/cappadociacup.org\/wp-content\/uploads\/2026\/04\/Marriott-Cappadocia.jpg","width":478,"height":269,"caption":"Marriott Cappadocia"},{"@type":"BreadcrumbList","@id":"https:\/\/cappadociacup.org\/hotel-bookings\/cappadocia-marriott-hotel\/#breadcrumb","itemListElement":[{"@type":"ListItem","position":1,"name":"Home","item":"https:\/\/cappadociacup.org\/"},{"@type":"ListItem","position":2,"name":"Hotel Bookings","item":"https:\/\/cappadociacup.org\/hotel-bookings\/"},{"@type":"ListItem","position":3,"name":"Cappadocia Marriott Hotel"}]},{"@type":"WebSite","@id":"https:\/\/cappadociacup.org\/#website","url":"https:\/\/cappadociacup.org\/","name":"Cappadocia Open","description":"Cappadocia Dance Sport Competition","publisher":{"@id":"https:\/\/cappadociacup.org\/#organization"},"potentialAction":[{"@type":"SearchAction","target":{"@type":"EntryPoint","urlTemplate":"https:\/\/cappadociacup.org\/?s={search_term_string}"},"query-input":{"@type":"PropertyValueSpecification","valueRequired":true,"valueName":"search_term_string"}}],"inLanguage":"tr"},{"@type":"Organization","@id":"https:\/\/cappadociacup.org\/#organization","name":"WDSF Cappadocia Open Dance Sport Competitions","alternateName":"Cappadocia Open","url":"https:\/\/cappadociacup.org\/","logo":{"@type":"ImageObject","inLanguage":"tr","@id":"https:\/\/cappadociacup.org\/#\/schema\/logo\/image\/","url":"https:\/\/cappadociacup.org\/wp-content\/uploads\/2026\/04\/Cappadocia-cup-Logo.png","contentUrl":"https:\/\/cappadociacup.org\/wp-content\/uploads\/2026\/04\/Cappadocia-cup-Logo.png","width":816,"height":816,"caption":"WDSF Cappadocia Open Dance Sport Competitions"},"image":{"@id":"https:\/\/cappadociacup.org\/#\/schema\/logo\/image\/"},"sameAs":["https:\/\/www.instagram.com\/cappadociadancecup\/"]}]}},"uagb_featured_image_src":{"full":["https:\/\/cappadociacup.org\/wp-content\/uploads\/2026\/04\/Marriott-Cappadocia.jpg",478,269,false],"thumbnail":["https:\/\/cappadociacup.org\/wp-content\/uploads\/2026\/04\/Marriott-Cappadocia-150x150.jpg",150,150,true],"medium":["https:\/\/cappadociacup.org\/wp-content\/uploads\/2026\/04\/Marriott-Cappadocia-300x169.jpg",300,169,true],"medium_large":["https:\/\/cappadociacup.org\/wp-content\/uploads\/2026\/04\/Marriott-Cappadocia.jpg",478,269,false],"large":["https:\/\/cappadociacup.org\/wp-content\/uploads\/2026\/04\/Marriott-Cappadocia.jpg",478,269,false],"1536x1536":["https:\/\/cappadociacup.org\/wp-content\/uploads\/2026\/04\/Marriott-Cappadocia.jpg",478,269,false],"2048x2048":["https:\/\/cappadociacup.org\/wp-content\/uploads\/2026\/04\/Marriott-Cappadocia.jpg",478,269,false],"trp-custom-language-flag":["https:\/\/cappadociacup.org\/wp-content\/uploads\/2026\/04\/Marriott-Cappadocia.jpg",18,10,false],"woocommerce_thumbnail":["https:\/\/cappadociacup.org\/wp-content\/uploads\/2026\/04\/Marriott-Cappadocia-300x269.jpg",300,269,true],"woocommerce_single":["https:\/\/cappadociacup.org\/wp-content\/uploads\/2026\/04\/Marriott-Cappadocia.jpg",478,269,false],"woocommerce_gallery_thumbnail":["https:\/\/cappadociacup.org\/wp-content\/uploads\/2026\/04\/Marriott-Cappadocia-100x100.jpg",100,100,true],"web-stories-poster-portrait":["https:\/\/cappadociacup.org\/wp-content\/uploads\/2026\/04\/Marriott-Cappadocia.jpg",478,269,false],"web-stories-publisher-logo":["https:\/\/cappadociacup.org\/wp-content\/uploads\/2026\/04\/Marriott-Cappadocia.jpg",96,54,false],"web-stories-thumbnail":["https:\/\/cappadociacup.org\/wp-content\/uploads\/2026\/04\/Marriott-Cappadocia.jpg",150,84,false]},"uagb_author_info":{"display_name":"admin","author_link":"https:\/\/cappadociacup.org\/tr\/author\/"},"uagb_comment_info":0,"uagb_excerpt":"After payment, you MUST fill out the booking form to provide your check-in\/out dates and guest details. Your registration is not confirmed until the form is submitted. Child rates are calculated based on age at check-in; details are provided below. ** IMPORTANT:After completing your reservation, you must fill out the reservation form sent to your&hellip;","_links":{"self":[{"href":"https:\/\/cappadociacup.org\/tr\/wp-json\/wp\/v2\/product\/2051","targetHints":{"allow":["GET"]}}],"collection":[{"href":"https:\/\/cappadociacup.org\/tr\/wp-json\/wp\/v2\/product"}],"about":[{"href":"https:\/\/cappadociacup.org\/tr\/wp-json\/wp\/v2\/types\/product"}],"wp:featuredmedia":[{"embeddable":true,"href":"https:\/\/cappadociacup.org\/tr\/wp-json\/wp\/v2\/media\/2127"}],"wp:attachment":[{"href":"https:\/\/cappadociacup.org\/tr\/wp-json\/wp\/v2\/media?parent=2051"}],"wp:term":[{"taxonomy":"product_brand","embeddable":true,"href":"https:\/\/cappadociacup.org\/tr\/wp-json\/wp\/v2\/product_brand?post=2051"},{"taxonomy":"product_cat","embeddable":true,"href":"https:\/\/cappadociacup.org\/tr\/wp-json\/wp\/v2\/product_cat?post=2051"},{"taxonomy":"product_tag","embeddable":true,"href":"https:\/\/cappadociacup.org\/tr\/wp-json\/wp\/v2\/product_tag?post=2051"}],"curies":[{"name":"wp","href":"https:\/\/api.w.org\/{rel}","templated":true}]}}